{"id":12,"date":"2024-02-01T10:56:09","date_gmt":"2024-02-01T10:56:09","guid":{"rendered":"http:\/\/www.elton.com.pl\/?page_id=12"},"modified":"2024-11-19T14:18:23","modified_gmt":"2024-11-19T14:18:23","slug":"elton-autoryzowane-centrum-serwisowe","status":"publish","type":"page","link":"https:\/\/elton.com.pl\/","title":{"rendered":"ELTON &#8211; autoryzowane centrum serwisowe"},"content":{"rendered":"\t\t<div data-elementor-type=\"wp-page\" data-elementor-id=\"12\" class=\"elementor elementor-12\" data-elementor-post-type=\"page\">\n\t\t\t\t<div class=\"elementor-element elementor-element-26ce048 e-flex e-con-boxed e-con e-parent\" data-id=\"26ce048\" data-element_type=\"container\" id=\"onas\" data-settings=\"{&quot;background_background&quot;:&quot;classic&quot;}\">\n\t\t\t\t\t<div class=\"e-con-inner\">\n\t\t\t\t<div class=\"elementor-element elementor-element-fa60fa1 elementor-widget elementor-widget-heading\" data-id=\"fa60fa1\" data-element_type=\"widget\" data-widget_type=\"heading.default\">\n\t\t\t\t<div class=\"elementor-widget-container\">\n\t\t\t<h1 class=\"elementor-heading-title elementor-size-default\">Autoryzowane Centrum Serwisowe ELTON sp. z o.o.<\/h1>\t\t<\/div>\n\t\t\t\t<\/div>\n\t\t\t\t<div class=\"elementor-element elementor-element-58e74aa elementor-widget elementor-widget-heading\" data-id=\"58e74aa\" data-element_type=\"widget\" data-widget_type=\"heading.default\">\n\t\t\t\t<div class=\"elementor-widget-container\">\n\t\t\t<h2 class=\"elementor-heading-title elementor-size-default\">Ponad 30 lat profesjonalnych us\u0142ug!<\/h2>\t\t<\/div>\n\t\t\t\t<\/div>\n\t\t\t\t\t<\/div>\n\t\t\t\t<\/div>\n\t\t<div class=\"elementor-element elementor-element-0b5285c e-flex e-con-boxed e-con e-parent\" data-id=\"0b5285c\" data-element_type=\"container\" data-settings=\"{&quot;background_background&quot;:&quot;gradient&quot;}\">\n\t\t\t\t\t<div class=\"e-con-inner\">\n\t\t\t\t<div class=\"elementor-element elementor-element-6c9e0b2 elementor-widget elementor-widget-text-editor\" data-id=\"6c9e0b2\" data-element_type=\"widget\" data-widget_type=\"text-editor.default\">\n\t\t\t\t<div class=\"elementor-widget-container\">\n\t\t\t\t\t\t\t<p>Jeste\u015bmy jedn\u0105 z najbardziej do\u015bwiadczonych firm na \u015al\u0105sku. Swoj\u0105 prac\u0119 wykonujemy od ponad 30 lat. Nasza pasja do elektroniki sprawi\u0142a, \u017ce Elton to dzi\u015b uznana firma z szeregiem zadowolonych klient\u00f3w.<\/p><p>Nasz dzia\u0142 serwisu wyposa\u017cony jest w najnowocze\u015bniejszy sprz\u0119t do diagnostyki i naprawy sprz\u0119tu elektronicznego.<\/p><p>Oferujemy napraw\u0119 telewizor\u00f3w, smartfon\u00f3w, tablet\u00f3w, sprz\u0119tu audio firmy Samsung oraz ekspres\u00f3w Philips i Saeco.<\/p>\t\t\t\t\t\t<\/div>\n\t\t\t\t<\/div>\n\t\t\t\t\t<\/div>\n\t\t\t\t<\/div>\n\t\t<div class=\"elementor-element elementor-element-fe1cc9f e-flex e-con-boxed e-con e-parent\" data-id=\"fe1cc9f\" data-element_type=\"container\" data-settings=\"{&quot;background_background&quot;:&quot;classic&quot;}\">\n\t\t\t\t\t<div class=\"e-con-inner\">\n\t\t\t\t\t<\/div>\n\t\t\t\t<\/div>\n\t\t<div class=\"elementor-element elementor-element-4822404 e-flex e-con-boxed e-con e-parent\" data-id=\"4822404\" data-element_type=\"container\" id=\"oferta\" data-settings=\"{&quot;background_background&quot;:&quot;gradient&quot;}\">\n\t\t\t\t\t<div class=\"e-con-inner\">\n\t\t<div class=\"elementor-element elementor-element-26764ac e-flex e-con-boxed e-con e-child\" data-id=\"26764ac\" data-element_type=\"container\" data-settings=\"{&quot;background_background&quot;:&quot;classic&quot;}\">\n\t\t\t\t\t<div class=\"e-con-inner\">\n\t\t\t\t<div class=\"elementor-element elementor-element-d5a230e elementor-widget elementor-widget-image\" data-id=\"d5a230e\" data-element_type=\"widget\" data-widget_type=\"image.default\">\n\t\t\t\t<div class=\"elementor-widget-container\">\n\t\t\t\t\t\t\t\t\t\t\t\t\t<img fetchpriority=\"high\" decoding=\"async\" width=\"640\" height=\"427\" src=\"https:\/\/elton.com.pl\/wp-content\/uploads\/2024\/02\/silivan-munguarakarama-Hing5iQTUnM-unsplash.jpg\" class=\"attachment-medium_large size-medium_large wp-image-53\" alt=\"\" srcset=\"https:\/\/elton.com.pl\/wp-content\/uploads\/2024\/02\/silivan-munguarakarama-Hing5iQTUnM-unsplash.jpg 640w, https:\/\/elton.com.pl\/wp-content\/uploads\/2024\/02\/silivan-munguarakarama-Hing5iQTUnM-unsplash-300x200.jpg 300w\" sizes=\"(max-width: 640px) 100vw, 640px\" \/>\t\t\t\t\t\t\t\t\t\t\t\t\t<\/div>\n\t\t\t\t<\/div>\n\t\t\t\t<div class=\"elementor-element elementor-element-d67280c elementor-widget elementor-widget-heading\" data-id=\"d67280c\" data-element_type=\"widget\" data-widget_type=\"heading.default\">\n\t\t\t\t<div class=\"elementor-widget-container\">\n\t\t\t<h3 class=\"elementor-heading-title elementor-size-default\">Serwis i naprawa smartfon\u00f3w oraz tablet\u00f3w firmy Samsung<\/h3>\t\t<\/div>\n\t\t\t\t<\/div>\n\t\t\t\t\t<\/div>\n\t\t\t\t<\/div>\n\t\t<div class=\"elementor-element elementor-element-14404b8 e-flex e-con-boxed e-con e-child\" data-id=\"14404b8\" data-element_type=\"container\" data-settings=\"{&quot;background_background&quot;:&quot;classic&quot;}\">\n\t\t\t\t\t<div class=\"e-con-inner\">\n\t\t\t\t<div class=\"elementor-element elementor-element-6c3e2bb elementor-widget elementor-widget-image\" data-id=\"6c3e2bb\" data-element_type=\"widget\" data-widget_type=\"image.default\">\n\t\t\t\t<div class=\"elementor-widget-container\">\n\t\t\t\t\t\t\t\t\t\t\t\t\t<img decoding=\"async\" width=\"768\" height=\"768\" src=\"https:\/\/elton.com.pl\/wp-content\/uploads\/2024\/02\/tvbig-768x768.png\" class=\"attachment-medium_large size-medium_large wp-image-58\" alt=\"zdj\u0119cie telewizora\" srcset=\"https:\/\/elton.com.pl\/wp-content\/uploads\/2024\/02\/tvbig-768x768.png 768w, https:\/\/elton.com.pl\/wp-content\/uploads\/2024\/02\/tvbig-300x300.png 300w, https:\/\/elton.com.pl\/wp-content\/uploads\/2024\/02\/tvbig-150x150.png 150w, https:\/\/elton.com.pl\/wp-content\/uploads\/2024\/02\/tvbig.png 800w\" sizes=\"(max-width: 768px) 100vw, 768px\" \/>\t\t\t\t\t\t\t\t\t\t\t\t\t<\/div>\n\t\t\t\t<\/div>\n\t\t\t\t<div class=\"elementor-element elementor-element-bd683f8 elementor-widget elementor-widget-heading\" data-id=\"bd683f8\" data-element_type=\"widget\" data-widget_type=\"heading.default\">\n\t\t\t\t<div class=\"elementor-widget-container\">\n\t\t\t<h3 class=\"elementor-heading-title elementor-size-default\">Serwis,  naprawa i bezpieczny transport sprz\u0119tu RTV<\/h3>\t\t<\/div>\n\t\t\t\t<\/div>\n\t\t\t\t\t<\/div>\n\t\t\t\t<\/div>\n\t\t<div class=\"elementor-element elementor-element-2cafb7e e-flex e-con-boxed e-con e-child\" data-id=\"2cafb7e\" data-element_type=\"container\" data-settings=\"{&quot;background_background&quot;:&quot;classic&quot;}\">\n\t\t\t\t\t<div class=\"e-con-inner\">\n\t\t\t\t<div class=\"elementor-element elementor-element-10cb78b elementor-widget elementor-widget-image\" data-id=\"10cb78b\" data-element_type=\"widget\" data-widget_type=\"image.default\">\n\t\t\t\t<div class=\"elementor-widget-container\">\n\t\t\t\t\t\t\t\t\t\t\t\t\t<img decoding=\"async\" width=\"768\" height=\"768\" src=\"https:\/\/elton.com.pl\/wp-content\/uploads\/2024\/02\/expressbig-768x768.png\" class=\"attachment-medium_large size-medium_large wp-image-59\" alt=\"zdj\u0119cie ekspresu do kawy\" srcset=\"https:\/\/elton.com.pl\/wp-content\/uploads\/2024\/02\/expressbig-768x768.png 768w, https:\/\/elton.com.pl\/wp-content\/uploads\/2024\/02\/expressbig-300x300.png 300w, https:\/\/elton.com.pl\/wp-content\/uploads\/2024\/02\/expressbig-150x150.png 150w, https:\/\/elton.com.pl\/wp-content\/uploads\/2024\/02\/expressbig.png 800w\" sizes=\"(max-width: 768px) 100vw, 768px\" \/>\t\t\t\t\t\t\t\t\t\t\t\t\t<\/div>\n\t\t\t\t<\/div>\n\t\t\t\t<div class=\"elementor-element elementor-element-40336af elementor-widget elementor-widget-heading\" data-id=\"40336af\" data-element_type=\"widget\" data-widget_type=\"heading.default\">\n\t\t\t\t<div class=\"elementor-widget-container\">\n\t\t\t<h3 class=\"elementor-heading-title elementor-size-default\">Serwis i naprawa ekspres\u00f3w do kawy Philips i Saeco<\/h3>\t\t<\/div>\n\t\t\t\t<\/div>\n\t\t\t\t\t<\/div>\n\t\t\t\t<\/div>\n\t\t<div class=\"elementor-element elementor-element-504a145 e-con-full e-flex e-con e-child\" data-id=\"504a145\" data-element_type=\"container\" data-settings=\"{&quot;background_background&quot;:&quot;classic&quot;}\">\n\t\t\t\t<div class=\"elementor-element elementor-element-944c443 elementor-widget elementor-widget-text-editor\" data-id=\"944c443\" data-element_type=\"widget\" data-widget_type=\"text-editor.default\">\n\t\t\t\t<div class=\"elementor-widget-container\">\n\t\t\t\t\t\t\t<p><strong>Jak w\u0142\u0105czy\u0107 tryb konserwacji smartfonu lub tableta przed wizyt\u0105 w serwisie?<\/strong><\/p>\n<ol>\n<li><strong>Sprawd\u017a kompatybilno\u015b\u0107<\/strong>: Upewnij si\u0119, \u017ce Tw\u00f3j Samsung obs\u0142uguje tryb konserwacji (dost\u0119pny na nowszych modelach, np. Galaxy S21, S22, A53, A54).<\/li>\n<li><strong>W\u0142\u0105cz tryb konserwacji<\/strong>:\n<ul>\n<li>Wejd\u017a w <strong>Ustawienia<\/strong>.<\/li>\n<li>Przejd\u017a do <strong>Konserwacja urz\u0105dzenia<\/strong>.<\/li>\n<li>Aktywuj <strong>Tryb konserwacji<\/strong>.<\/li>\n<li>Zrestartuj urz\u0105dzenie.<\/li>\n<\/ul>\n<\/li>\n<li><strong>Po naprawie<\/strong>: Aby wy\u0142\u0105czy\u0107 tryb konserwacji, otw\u00f3rz <strong>Ustawienia<\/strong>, przejd\u017a do <strong>Konserwacja urz\u0105dzenia<\/strong>, kliknij <strong>Wy\u0142\u0105cz tryb konserwacji<\/strong> i zrestartuj urz\u0105dzenie.<\/li>\n<\/ol>\n<p><strong><br><\/strong><\/p><p><strong>Co daje tryb konserwacji?<\/strong><\/p>\n<ul>\n<li>Chroni Twoje dane (np. zdj\u0119cia, wiadomo\u015bci) podczas naprawy w serwisie, zapewniaj\u0105c ich bezpiecze\u0144stwo.<\/li>\n<li>Je\u015bli naprawa nie wymaga ingerencji w pami\u0119\u0107, dane zostan\u0105 zachowane. W przypadku wymiany p\u0142yty g\u0142\u00f3wnej mog\u0105 zosta\u0107 utracone.<\/li><\/ul><p><strong><br><\/strong><\/p><p><strong>Podsumowanie<\/strong>: Tryb konserwacji to skuteczny spos\u00f3b ochrony danych podczas naprawy w serwisie. Pami\u0119taj, aby wykona\u0107 kopi\u0119 zapasow\u0105, szczeg\u00f3lnie w przypadku wymiany kluczowych komponent\u00f3w.<\/p>\t\t\t\t\t\t<\/div>\n\t\t\t\t<\/div>\n\t\t\t\t<div class=\"elementor-element elementor-element-fc7a911 elementor-widget elementor-widget-image\" data-id=\"fc7a911\" data-element_type=\"widget\" data-widget_type=\"image.default\">\n\t\t\t\t<div class=\"elementor-widget-container\">\n\t\t\t\t\t\t\t\t\t\t\t\t\t<img loading=\"lazy\" decoding=\"async\" width=\"768\" height=\"768\" src=\"https:\/\/elton.com.pl\/wp-content\/uploads\/2024\/11\/backupdanych-768x768.jpg\" class=\"attachment-medium_large size-medium_large wp-image-166\" alt=\"graficzne przedstawienie backupu danych z telefonu\" srcset=\"https:\/\/elton.com.pl\/wp-content\/uploads\/2024\/11\/backupdanych-768x768.jpg 768w, https:\/\/elton.com.pl\/wp-content\/uploads\/2024\/11\/backupdanych-300x300.jpg 300w, https:\/\/elton.com.pl\/wp-content\/uploads\/2024\/11\/backupdanych-150x150.jpg 150w, https:\/\/elton.com.pl\/wp-content\/uploads\/2024\/11\/backupdanych.jpg 1024w\" sizes=\"(max-width: 768px) 100vw, 768px\" \/>\t\t\t\t\t\t\t\t\t\t\t\t\t<\/div>\n\t\t\t\t<\/div>\n\t\t\t\t<\/div>\n\t\t\t\t\t<\/div>\n\t\t\t\t<\/div>\n\t\t<div class=\"elementor-element elementor-element-a907378 e-flex e-con-boxed e-con e-parent\" data-id=\"a907378\" data-element_type=\"container\" id=\"zalety\" data-settings=\"{&quot;background_background&quot;:&quot;gradient&quot;}\">\n\t\t\t\t\t<div class=\"e-con-inner\">\n\t\t<div class=\"elementor-element elementor-element-bca8c80 e-con-full e-flex e-con e-child\" data-id=\"bca8c80\" data-element_type=\"container\">\n\t\t\t\t<div class=\"elementor-element elementor-element-eb95806 elementor-widget elementor-widget-image\" data-id=\"eb95806\" data-element_type=\"widget\" data-widget_type=\"image.default\">\n\t\t\t\t<div class=\"elementor-widget-container\">\n\t\t\t\t\t\t\t\t\t\t\t\t\t<img loading=\"lazy\" decoding=\"async\" width=\"222\" height=\"245\" src=\"https:\/\/elton.com.pl\/wp-content\/uploads\/2024\/02\/logoeltonicon.png\" class=\"attachment-large size-large wp-image-9\" alt=\"\" \/>\t\t\t\t\t\t\t\t\t\t\t\t\t<\/div>\n\t\t\t\t<\/div>\n\t\t\t\t<\/div>\n\t\t<div class=\"elementor-element elementor-element-52a1a04 e-con-full e-flex e-con e-child\" data-id=\"52a1a04\" data-element_type=\"container\">\n\t\t\t\t<div class=\"elementor-element elementor-element-f0d935d elementor-widget elementor-widget-heading\" data-id=\"f0d935d\" data-element_type=\"widget\" data-widget_type=\"heading.default\">\n\t\t\t\t<div class=\"elementor-widget-container\">\n\t\t\t<h2 class=\"elementor-heading-title elementor-size-default\">Nasze zalety:<\/h2>\t\t<\/div>\n\t\t\t\t<\/div>\n\t\t\t\t<div class=\"elementor-element elementor-element-998b554 elementor-widget elementor-widget-text-editor\" data-id=\"998b554\" data-element_type=\"widget\" data-widget_type=\"text-editor.default\">\n\t\t\t\t<div class=\"elementor-widget-container\">\n\t\t\t\t\t\t\t<ul><li>Nasz dzia\u0142 serwisu wyposa\u017cony jest w najnowocze\u015bniejszy sprz\u0119t do diagnostyki i naprawy sprz\u0119tu elektronicznego<\/li><li>Wszystkie stanowiska do napraw telewizor\u00f3w i smartfon\u00f3w posiadaj\u0105 pe\u0142ne zabezpieczenie ESD<\/li><li>Oferujemy pa\u0144stwu atrakcyjne ceny \u015bwiadczonych przez nas us\u0142ug<\/li><li>Do Pa\u0144stwa dyspozycji pozostaj\u0105 wykwalifikowani pracownicy firmy, kt\u00f3rych g\u0142\u00f3wnym celem jest\u00a0 \u015bwiadczenie Pa\u0144stwu profesjonalnych us\u0142ug<\/li><li>Jeste\u015bmy jedn\u0105 z najbardziej do\u015bwiadczonych firm na \u015al\u0105sku, swoja prac\u0119 wykonujemy od 30 lat.<\/li><\/ul>\t\t\t\t\t\t<\/div>\n\t\t\t\t<\/div>\n\t\t\t\t<\/div>\n\t\t\t\t\t<\/div>\n\t\t\t\t<\/div>\n\t\t<div class=\"elementor-element elementor-element-3b0618d e-flex e-con-boxed e-con e-parent\" data-id=\"3b0618d\" data-element_type=\"container\" data-settings=\"{&quot;background_background&quot;:&quot;classic&quot;,&quot;background_motion_fx_motion_fx_scrolling&quot;:&quot;yes&quot;,&quot;background_motion_fx_opacity_effect&quot;:&quot;yes&quot;,&quot;background_motion_fx_opacity_direction&quot;:&quot;out-in&quot;,&quot;background_motion_fx_opacity_level&quot;:{&quot;unit&quot;:&quot;px&quot;,&quot;size&quot;:10,&quot;sizes&quot;:[]},&quot;background_motion_fx_opacity_range&quot;:{&quot;unit&quot;:&quot;%&quot;,&quot;size&quot;:&quot;&quot;,&quot;sizes&quot;:{&quot;start&quot;:20,&quot;end&quot;:80}},&quot;background_motion_fx_devices&quot;:[&quot;desktop&quot;,&quot;tablet&quot;,&quot;mobile&quot;]}\">\n\t\t\t\t\t<div class=\"e-con-inner\">\n\t\t\t\t\t<\/div>\n\t\t\t\t<\/div>\n\t\t<div class=\"elementor-element elementor-element-d2991b4 e-flex e-con-boxed e-con e-parent\" data-id=\"d2991b4\" data-element_type=\"container\" id=\"dojazd\" data-settings=\"{&quot;background_background&quot;:&quot;gradient&quot;}\">\n\t\t\t\t\t<div class=\"e-con-inner\">\n\t\t\t\t<div class=\"elementor-element elementor-element-59eb4db elementor-widget elementor-widget-google_maps\" data-id=\"59eb4db\" data-element_type=\"widget\" data-widget_type=\"google_maps.default\">\n\t\t\t\t<div class=\"elementor-widget-container\">\n\t\t\t\t\t<div class=\"elementor-custom-embed\">\n\t\t\t<iframe loading=\"lazy\"\n\t\t\t\t\tsrc=\"https:\/\/maps.google.com\/maps?q=Elton%20sp.%20z%20o.o.%2C%20Gra%C5%BCy%C5%84skiego%2058%2C%2040-126%20Katowice&#038;t=m&#038;z=14&#038;output=embed&#038;iwloc=near\"\n\t\t\t\t\ttitle=\"Elton sp. z o.o., Gra\u017cy\u0144skiego 58, 40-126 Katowice\"\n\t\t\t\t\taria-label=\"Elton sp. z o.o., Gra\u017cy\u0144skiego 58, 40-126 Katowice\"\n\t\t\t><\/iframe>\n\t\t<\/div>\n\t\t\t\t<\/div>\n\t\t\t\t<\/div>\n\t\t\t\t\t<\/div>\n\t\t\t\t<\/div>\n\t\t<div class=\"elementor-element elementor-element-4051494 e-flex e-con-boxed e-con e-parent\" data-id=\"4051494\" data-element_type=\"container\" data-settings=\"{&quot;background_background&quot;:&quot;classic&quot;,&quot;background_motion_fx_motion_fx_scrolling&quot;:&quot;yes&quot;,&quot;background_motion_fx_opacity_effect&quot;:&quot;yes&quot;,&quot;background_motion_fx_opacity_direction&quot;:&quot;out-in&quot;,&quot;background_motion_fx_opacity_level&quot;:{&quot;unit&quot;:&quot;px&quot;,&quot;size&quot;:10,&quot;sizes&quot;:[]},&quot;background_motion_fx_opacity_range&quot;:{&quot;unit&quot;:&quot;%&quot;,&quot;size&quot;:&quot;&quot;,&quot;sizes&quot;:{&quot;start&quot;:20,&quot;end&quot;:80}},&quot;background_motion_fx_devices&quot;:[&quot;desktop&quot;,&quot;tablet&quot;,&quot;mobile&quot;]}\">\n\t\t\t\t\t<div class=\"e-con-inner\">\n\t\t\t\t<div class=\"elementor-element elementor-element-c7bb1b3 elementor-widget elementor-widget-shortcode\" data-id=\"c7bb1b3\" data-element_type=\"widget\" data-widget_type=\"shortcode.default\">\n\t\t\t\t<div class=\"elementor-widget-container\">\n\t\t\t\t\t<div class=\"elementor-shortcode\">[news-announcement group=\"sample\"]<\/div>\n\t\t\t\t<\/div>\n\t\t\t\t<\/div>\n\t\t\t\t\t<\/div>\n\t\t\t\t<\/div>\n\t\t\t\t<\/div>\n\t\t","protected":false},"excerpt":{"rendered":"<p>Witamy w jednym z najwi\u0119kszych autoryzowanych centr serwisowych na \u015bl\u0105sku &#8211; specjalizujemy si\u0119 w naprawach elektroniki, sprzetu RTV oraz ekspres\u00f3w do kawy.<\/p>\n","protected":false},"author":1,"featured_media":0,"parent":0,"menu_order":0,"comment_status":"closed","ping_status":"closed","template":"","meta":{"footnotes":""},"class_list":["post-12","page","type-page","status-publish","hentry"],"_links":{"self":[{"href":"https:\/\/elton.com.pl\/index.php\/wp-json\/wp\/v2\/pages\/12","targetHints":{"allow":["GET"]}}],"collection":[{"href":"https:\/\/elton.com.pl\/index.php\/wp-json\/wp\/v2\/pages"}],"about":[{"href":"https:\/\/elton.com.pl\/index.php\/wp-json\/wp\/v2\/types\/page"}],"author":[{"embeddable":true,"href":"https:\/\/elton.com.pl\/index.php\/wp-json\/wp\/v2\/users\/1"}],"replies":[{"embeddable":true,"href":"https:\/\/elton.com.pl\/index.php\/wp-json\/wp\/v2\/comments?post=12"}],"version-history":[{"count":78,"href":"https:\/\/elton.com.pl\/index.php\/wp-json\/wp\/v2\/pages\/12\/revisions"}],"predecessor-version":[{"id":172,"href":"https:\/\/elton.com.pl\/index.php\/wp-json\/wp\/v2\/pages\/12\/revisions\/172"}],"wp:attachment":[{"href":"https:\/\/elton.com.pl\/index.php\/wp-json\/wp\/v2\/media?parent=12"}],"curies":[{"name":"wp","href":"https:\/\/api.w.org\/{rel}","templated":true}]}}